{"id":8,"date":"2015-10-16T06:28:55","date_gmt":"2015-10-16T06:28:55","guid":{"rendered":"http:\/\/alcuin.wp74.8trust.com\/enigma\/?page_id=6"},"modified":"2018-03-05T12:10:21","modified_gmt":"2018-03-05T12:10:21","slug":"home-2","status":"publish","type":"page","link":"https:\/\/www.alcuinfonds.be\/de\/","title":{"rendered":"Home"},"content":{"rendered":"<p>[vc_row full_width=&#8220;stretch_row_content_no_spaces&#8220; css=&#8220;.vc_custom_1445693232977{background-color: #ffffff !important;}&#8220; el_id=&#8220;td-revolslider&#8220;][vc_column][rev_slider_vc alias=&#8220;enigma_multipage_de&#8220;][\/vc_column][\/vc_row][vc_row full_width=&#8220;stretch_row&#8220; css=&#8220;.vc_custom_1445693241887{padding-top: 100px !important;padding-bottom: 50px !important;background-color: #ffffff !important;}&#8220; el_id=&#8220;td-services&#8220;][vc_column width=&#8220;1\/3&#8243;]<div class=\"service-item services style-2\">\n\t\t\t\t<a href=\"\/le_fonds_alcuin\">\n\t\t\t\t\t<i class=\"icon icon-Forward\"><\/i>\n\t\t\t\t<\/a>\n\t\t\t\t<div class=\"service-item-box\">\n\t\t\t\t\t<h3>DER FONDS<\/h3>\n\t\t\t\t\t<p>Der Fonds Alcuin f\u00fcr die Schule ist ein Stiftungsfond, der von der K\u00f6nig-Baudouin-Stiftung getragen wird. Seit 2017 tr\u00e4gt er zur Bildung in Europa bei. <\/p>\n\t\t\t\t<\/div>\n\t\t\t<\/div>[\/vc_column][vc_column width=&#8220;1\/3&#8243;]<div class=\"service-item services style-2\">\n\t\t\t\t<a href=\"\/le_fonds_alcuin\/#mission\">\n\t\t\t\t\t<i class=\"icon icon-Eye\"><\/i>\n\t\t\t\t<\/a>\n\t\t\t\t<div class=\"service-item-box\">\n\t\t\t\t\t<h3>Mission<\/h3>\n\t\t\t\t\t<p>Im Bewusstsein der gro\u00dfen Notwendigkeit von erzieherischen Alternativen, um allen Kindern die M\u00f6glichkeit zu geben in ihrer schulischen Laufbahn erfolgreich zu sein, unterst\u00fctzt der Fonds Alcuin Initiativen, die eine L\u00f6sung f\u00fcr die derzeitig vielf\u00e4ltigen Bed\u00fcrfnisse in der Bildung von Kindern in Belgien und ganz Europa bieten.<\/p>\n\t\t\t\t<\/div>\n\t\t\t<\/div>[\/vc_column][vc_column width=&#8220;1\/3&#8243;]<div class=\"service-item services style-2\">\n\t\t\t\t<a href=\"\/le_fonds_alcuin\/#organisation\">\n\t\t\t\t\t<i class=\"icon icon-Layers\"><\/i>\n\t\t\t\t<\/a>\n\t\t\t\t<div class=\"service-item-box\">\n\t\t\t\t\t<h3>DIE ORGANISATION<\/h3>\n\t\t\t\t\t<p>Der Fonds wird von einem Leitungsgremium gef\u00fchrt, welches aus den Gr\u00fcndern, einem Repr\u00e4sentanten der K\u00f6nig-Baudouin-Stiftung und einer qualifizierten Person, welche von den anderen Leitungsmitgliedern gew\u00e4hlt wurde, besteht.<\/p>\n\t\t\t\t<\/div>\n\t\t\t<\/div>[\/vc_column][\/vc_row][vc_row full_width=&#8220;stretch_row&#8220; css=&#8220;.vc_custom_1499444053884{padding-top: 120px !important;padding-bottom: 120px !important;background-color: #0041a3 !important;}&#8220; el_id=&#8220;td-actioncall&#8220;][vc_column]<div class=\"call-to-action cta-center-2-align \">\n\t\t<h2 style=\"color:#ffffff;\">DER FONDS ALCUIN BRAUCHT IHRE HILFE UM BILDUNGSF\u00d6RDERNDE INITIATIVEN ZU UNTERST\u00dcTZEN<\/h2>\n\t\t<div class=\"cta-button\">\n\t\t\t<a href=\"\/donner\/#votre-don\" target=\"_self\" class=\"btn btn-lg btn-transparent \">SPENDEN<\/a>\n\t\t\t<a href=\"\" target=\"\" class=\" ctabtn2\"><\/a>\n\t\t<\/div>\n\t<\/div>[\/vc_column][\/vc_row][vc_row full_width=&#8220;stretch_row&#8220; css=&#8220;.vc_custom_1445693241887{padding-top: 100px !important;padding-bottom: 50px !important;background-color: #ffffff !important;}&#8220;][vc_column width=&#8220;1\/3&#8243;]<div class=\"service-item services style-2\">\n\t\t\t\t<a href=\"\/donner\/#legs\">\n\t\t\t\t\t<i class=\"icon icon-Chart2\"><\/i>\n\t\t\t\t<\/a>\n\t\t\t\t<div class=\"service-item-box\">\n\t\t\t\t\t<h3>ERBSCHAFTEN UND SPENDEN <\/h3>\n\t\t\t\t\t<p>Es ist m\u00f6glich der Fonds Alcuin ein Erbe oder eine Spende zukommen zu lassen. Diese unterliegen denselben Spendenvorteilen, wie ihre Dachstiftung die K\u00f6nig-Baudouin-Stiftung. <\/p>\n\t\t\t\t<\/div>\n\t\t\t<\/div>[\/vc_column][vc_column width=&#8220;1\/3&#8243;]<div class=\"service-item services style-2\">\n\t\t\t\t<a href=\"donner\/#votre-don\">\n\t\t\t\t\t<i class=\"icon icon-Heart\"><\/i>\n\t\t\t\t<\/a>\n\t\t\t\t<div class=\"service-item-box\">\n\t\t\t\t\t<h3>SPENDEN<\/h3>\n\t\t\t\t\t<p>Der Fonds Alcuin braucht ihre Hilfe, um bildungsf\u00f6rdernde Initiativen im Bereich Schule und akademischer Ausbildung in Belgien und ganz Europa unterst\u00fctzen zu k\u00f6nnen. Sie k\u00f6nnen aus allen L\u00e4ndern der Welt spenden. <\/p>\n\t\t\t\t<\/div>\n\t\t\t<\/div>[\/vc_column][vc_column width=&#8220;1\/3&#8243;]<div class=\"service-item services style-2\">\n\t\t\t\t<a href=\"\/actualites\">\n\t\t\t\t\t<i class=\"icon icon-Megaphone\"><\/i>\n\t\t\t\t<\/a>\n\t\t\t\t<div class=\"service-item-box\">\n\t\t\t\t\t<h3>NEUIGKEITEN<\/h3>\n\t\t\t\t\t<p>Geschichtsforscher Olivier Hanne stellt Alcuin, der eine zentrale Figur der karolingischen Renaissance und ein Patron unserer Stiftung ist, vor. Er ist heute noch genauso relevant wie fr\u00fcher. <\/p>\n\t\t\t\t<\/div>\n\t\t\t<\/div>[\/vc_column][\/vc_row][vc_row full_width=&#8220;stretch_row&#8220; css=&#8220;.vc_custom_1498126112929{padding-top: 100px !important;padding-bottom: 40px !important;background-color: #3a3a3a !important;}&#8220; el_id=&#8220;td-promo&#8220;][vc_column][vc_row_inner equal_height=&#8220;yes&#8220;][vc_column_inner width=&#8220;1\/2&#8243;][vc_single_image image=&#8220;554&#8243; img_size=&#8220;full&#8220;][\/vc_column_inner][vc_column_inner width=&#8220;1\/2&#8243;][vc_column_text css=&#8220;.vc_custom_1518097948508{margin-bottom: 25px !important;}&#8220;]<\/p>\n<h2 style=\"color: #fff;\">PROJEKTAUFRUF<\/h2>\n<p style=\"color: #fff;\">Der Fonds Alcuin strebt besonders danach Projekte in unabh\u00e4ngigen Schulen zu unterst\u00fctzen, die eine neuartige Lehrmethode einbringen und insbesondere ausgerichtet sind auf die Bildung von Kindern mit Lernschw\u00e4chen oder Behinderungen oder leistungsst\u00e4rkeren Kindern, sowie Kindern aus benachteiligten Familien.<\/p>\n<p>[\/vc_column_text]<a href=\"\/appel-a-projet\" class=\"btn btn-color btn-md\" title=\"BEDINGUNGEN UND INFORMATIONEN\" target=\"\" \/><i class=\"\"><\/i> BEDINGUNGEN UND INFORMATIONEN<\/a>[\/vc_column_inner][\/vc_row_inner][\/vc_column][\/vc_row]<\/p>","protected":false},"excerpt":{"rendered":"<p>[vc_row full_width=&#8220;stretch_row_content_no_spaces&#8220; css=&#8220;.vc_custom_1445693232977{background-color: #ffffff !important;}&#8220; el_id=&#8220;td-revolslider&#8220;][vc_column][rev_slider_vc alias=&#8220;enigma_multipage_de&#8220;][\/vc_column][\/vc_row][vc_row full_width=&#8220;stretch_row&#8220; css=&#8220;.vc_custom_1445693241887{padding-top: 100px !important;padding-bottom: 50px !important;background-color: #ffffff !important;}&#8220; el_id=&#8220;td-services&#8220;][vc_column width=&#8220;1\/3&#8243;][\/vc_column][vc_column width=&#8220;1\/3&#8243;][\/vc_column][vc_column width=&#8220;1\/3&#8243;][\/vc_column][\/vc_row][vc_row full_width=&#8220;stretch_row&#8220; css=&#8220;.vc_custom_1499444053884{padding-top: 120px !important;padding-bottom: 120px !important;background-color: #0041a3 !important;}&#8220; el_id=&#8220;td-actioncall&#8220;][vc_column][\/vc_column][\/vc_row][vc_row full_width=&#8220;stretch_row&#8220; css=&#8220;.vc_custom_1445693241887{padding-top: 100px !important;padding-bottom: 50px !important;background-color: #ffffff !important;}&#8220;][vc_column width=&#8220;1\/3&#8243;][\/vc_column][vc_column width=&#8220;1\/3&#8243;][\/vc_column][vc_column width=&#8220;1\/3&#8243;][\/vc_column][\/vc_row][vc_row full_width=&#8220;stretch_row&#8220; css=&#8220;.vc_custom_1498126112929{padding-top: 100px !important;padding-bottom: 40px !important;background-color: #3a3a3a !important;}&#8220; el_id=&#8220;td-promo&#8220;][vc_column][vc_row_inner equal_height=&#8220;yes&#8220;][vc_column_inner width=&#8220;1\/2&#8243;][vc_single_image image=&#8220;554&#8243; img_size=&#8220;full&#8220;][\/vc_column_inner][vc_column_inner width=&#8220;1\/2&#8243;][vc_column_text css=&#8220;.vc_custom_1518097948508{margin-bottom: 25px &hellip; <a href=\"https:\/\/www.alcuinfonds.be\/de\/\" class=\"more-link\">Continue reading <span class=\"screen-reader-text\">Home<\/span><\/a><\/p>\n","protected":false},"author":2,"featured_media":0,"parent":0,"menu_order":0,"comment_status":"closed","ping_status":"closed","template":"","meta":[],"aioseo_notices":[],"_links":{"self":[{"href":"https:\/\/www.alcuinfonds.be\/de\/wp-json\/wp\/v2\/pages\/8"}],"collection":[{"href":"https:\/\/www.alcuinfonds.be\/de\/wp-json\/wp\/v2\/pages"}],"about":[{"href":"https:\/\/www.alcuinfonds.be\/de\/wp-json\/wp\/v2\/types\/page"}],"author":[{"embeddable":true,"href":"https:\/\/www.alcuinfonds.be\/de\/wp-json\/wp\/v2\/users\/2"}],"replies":[{"embeddable":true,"href":"https:\/\/www.alcuinfonds.be\/de\/wp-json\/wp\/v2\/comments?post=8"}],"version-history":[{"count":62,"href":"https:\/\/www.alcuinfonds.be\/de\/wp-json\/wp\/v2\/pages\/8\/revisions"}],"predecessor-version":[{"id":1134,"href":"https:\/\/www.alcuinfonds.be\/de\/wp-json\/wp\/v2\/pages\/8\/revisions\/1134"}],"wp:attachment":[{"href":"https:\/\/www.alcuinfonds.be\/de\/wp-json\/wp\/v2\/media?parent=8"}],"curies":[{"name":"wp","href":"https:\/\/api.w.org\/{rel}","templated":true}]}}