{"id":520,"date":"2017-06-13T14:32:14","date_gmt":"2017-06-13T14:32:14","guid":{"rendered":"http:\/\/alciun.testing.8trust.com\/?page_id=520"},"modified":"2023-04-28T08:43:47","modified_gmt":"2023-04-28T08:43:47","slug":"le_fonds_alcuin","status":"publish","type":"page","link":"https:\/\/www.alcuinfonds.be\/de\/le_fonds_alcuin\/","title":{"rendered":"Der Fonds"},"content":{"rendered":"<p>[vc_row full_width=&#8220;stretch_row&#8220; content_placement=&#8220;middle&#8220; parallax=&#8220;content-moving&#8220; parallax_image=&#8220;1005&#8243; el_id=&#8220;le-fonds-alcuin&#8220; css=&#8220;.vc_custom_1501518751051{padding-top: 120px !important;padding-bottom: 120px !important;background-color: #000000 !important;}&#8220;][vc_column][vc_custom_heading text=&#8220;DER FONDS ALCUIN&#8220; font_container=&#8220;tag:h2|font_size:40|text_align:center|color:%23ffffff&#8220; use_theme_fonts=&#8220;yes&#8220;][vc_custom_heading text=&#8220;DER FONDS ALCUIN UNTERST\u00dcTZT BILDUNGSF\u00d6RDERNDE INITIATIVEN&#8220; font_container=&#8220;tag:h3|font_size:27|text_align:center|color:%23ffffff&#8220; use_theme_fonts=&#8220;yes&#8220;][\/vc_column][\/vc_row][vc_row full_width=&#8220;stretch_row&#8220; css=&#8220;.vc_custom_1498128350115{padding-top: 60px !important;padding-bottom: 100px !important;background-color: #ffffff !important;}&#8220;][vc_column][vc_column_text css=&#8220;.vc_custom_1518098425545{margin-bottom: 50px !important;}&#8220;]<\/p>\n<h1 style=\"text-align: center; font-size: 30px;\">DER FONDS ALCUIN F\u00dcR DIE SCHULE WIRD VON DER K\u00d6NIG-BAUDOUIN-STIFTUNG GETRAGEN<\/h1>\n<p>[\/vc_column_text][vc_column_text]<\/p>\n<h2 style=\"margin-bottom: 0;\">Der Fonds Alcuin f\u00fcr die Schule<\/h2>\n<p style=\"font-size: 16px; font-weight: 800;\">F\u00f6rderung des Angebots von Bildung durch die Unterst\u00fctzung von Initiativen in ganz Europa<\/p>\n<p>Der Fonds Alcuin tr\u00e4gt seit 2017 zur Bildung in Europa bei.<\/p>\n<p>Im Bewusstsein \u00fcber die gro\u00dfe Notwendigkeit von Bildungsalternativen um ALLEN Kindern ein Gelingen ihrer schulischen Laufbahn zu erm\u00f6glichen, unterst\u00fctzt der Fonds Initiativen, welche eine L\u00f6sung zu den derzeitig vielf\u00e4ltigen Bed\u00fcrfnisse der Bildung in Belgien und ganz Europa bieten k\u00f6nnen.<br \/>\nDiese Projekte sind in ihrer Herangehensweise und ihren Lernmethoden sehr offen und jedem zug\u00e4nglich. Sie werden unterst\u00fctzt von M\u00e4nnern und Frauen, denen es ein Anliegen ist aktiv an einer menschenw\u00fcrdigeren Gesellschaft \u201edurch die Entwicklung von nicht auf Profit ausgerichteten bildenden Einrichtungen, welche allen zug\u00e4nglich sind und hohe Qualit\u00e4t bieten, indem sie eine gro\u00dfe Bandbreite an Unterrichtsmethoden anbieten und f\u00fcr die meisten Sch\u00fcler erschwinglich bleiben\u201c mitzuarbeiten. (Gr\u00fcndungsbeschluss vom 1. Dezember 2016).<\/p>\n<p>Der Fonds hat sich entschieden, sich unter die Schirmherrschaft von Alcuin (732-804) zu stellen, einem bedeutenden Europ\u00e4er und engen Berater von Charlemagne, der eine zentrale Rolle w\u00e4hrend der karolingischen Renaissance spielte und die Acad\u00e9mie palatine gr\u00fcndete. Er machte die Kenntnis von Grammatik, Rhetorik und Dialektik unter Klerikern und Laien bekannt.<\/p>\n<p>[\/vc_column_text][vc_column_text css=&#8220;.vc_custom_1518098732592{padding-top: 20px !important;padding-bottom: 20px !important;}&#8220;]<\/p>\n<h4>DIE K\u00d6NIG-BAUDOUIN-STIFTUNG<\/h4>\n<p style=\"font-size: 16px; font-weight: 800;\">Zusammenarbeit f\u00fcr eine bessere Gesellschaft<\/p>\n<p>Die K\u00f6nig-Baudouin-Stiftung ist die gr\u00f6\u00dfte Stiftung in Belgien und verwaltete im Jahr 2017 ein Budget von 64 Millionen Euro. Sie dient dem Gemeinwohl und dem sozialen Zusammenhalt, indem sie Initiativen von Privatpersonen und Organisationen unterst\u00fctzt. Bekannt als gemeinn\u00fctzige Organisation, bestehen ihre wichtigsten Werte aus Integrit\u00e4t, Transparenz, Pluralismus, Unabh\u00e4ngigkeit, Respekt f\u00fcr Vielf\u00e4ltigkeit und der F\u00f6rderung von Solidarit\u00e4t.<\/p>\n<p>Derzeit ist sie in den Bereichen Arbeit, soziale Gerechtigkeit, Gesundheit, ziviles Engagement, Talentf\u00f6rderung, Demokratie, europ\u00e4ische Integration und Kulturerbe t\u00e4tig. Sie arbeitet auf mehreren Ebenen, von Belgien bis ganz Europa, Afrika und auf internationaler Ebene. Sie wurde am 25. Geburtstag der Herrschaft des K\u00f6nig Baudouin im Jahr 1976 gegr\u00fcndet. [\/vc_column_text][\/vc_column][\/vc_row][vc_row full_width=&#8220;stretch_row&#8220; content_placement=&#8220;middle&#8220; parallax=&#8220;content-moving&#8220; parallax_image=&#8220;560&#8243; css=&#8220;.vc_custom_1500897260057{padding-top: 120px !important;padding-bottom: 120px !important;background-color: #000000 !important;}&#8220; el_id=&#8220;organisation&#8220;][vc_column][vc_custom_heading text=&#8220;Organisation&#8220; font_container=&#8220;tag:h2|font_size:40|text_align:center|color:%23ffffff&#8220; use_theme_fonts=&#8220;yes&#8220;][vc_custom_heading text=&#8220;DAS GREMIUM, WELCHES DEN FONDS ALCUIN F\u00dcR DIE SCHULE LEITET, BEINHALTET EINEN REPR\u00c4SENTANTEN DER K\u00d6NIG-BAUDOUIN-STIFTUNG (TR\u00c4GERSTIFTUNG), ZWEI PRIVATE GR\u00dcNDER, EINEN INSTITUTIONELLEN GR\u00dcNDER UND EINE AUSGEW\u00c4HLTE QUALIFIZIERTE PERSON.&#8220; font_container=&#8220;tag:h3|font_size:27|text_align:center|color:%23ffffff|line_height:1.5&#8243; use_theme_fonts=&#8220;yes&#8220;][\/vc_column][\/vc_row][vc_row full_width=&#8220;stretch_row&#8220; css=&#8220;.vc_custom_1497454035404{padding-top: 50px !important;padding-bottom: 100px !important;background-color: #fcf7ff !important;}&#8220;][vc_column][vc_custom_heading text=&#8220;1- LEITUNGSGREMIUM&#8220; font_container=&#8220;tag:h2|font_size:32px|text_align:center|color:%230041a3&#8243; use_theme_fonts=&#8220;yes&#8220; css=&#8220;.vc_custom_1518098847352{margin-right: 50px !important;margin-left: 50px !important;border-bottom-width: 7px !important;border-bottom-style: solid !important;}&#8220; el_class=&#8220;border-h2&#8243;][vc_custom_heading text=&#8220;DIE K\u00d6NIG-BAUDOUIN-STIFTUNG&#8220; font_container=&#8220;tag:h2|text_align:center|color:%23000000&#8243; use_theme_fonts=&#8220;yes&#8220;][vc_row_inner css=&#8220;.vc_custom_1497453656115{padding-top: 30px !important;}&#8220;][vc_column_inner width=&#8220;1\/4&#8243;][\/vc_column_inner][vc_column_inner width=&#8220;1\/2&#8243;][vc_column_text css=&#8220;.vc_custom_1497449772936{padding-right: 15px !important;}&#8220;][\/vc_column_text][vc_column_text css=&#8220;.vc_custom_1523018480568{padding-left: 15px !important;}&#8220;]<\/p>\n<h5>REPR\u00c4SENTIERT DURCH:<\/h5>\n<p>Fran\u00e7oise Pissart: Direktor der K\u00f6nig-Baudouin-Stiftung<br \/>\n<a href=\"mailto:pissart.f@kbs-frb.be\">pissart.f@kbs-frb.be<\/a><\/p>\n<p><strong>Unterst\u00fctzt von:<\/strong><\/p>\n<ul>\n<li>St\u00e9phanie Smets: unabh\u00e4ngige Expertin als Repr\u00e4sentantin der K\u00f6nig-Baudouin-Stiftung<br \/>\n<a href=\"mailto:mets.s@mandate.kbs-frb.be\">smets.s@mandate.kbs-frb.be<\/a><\/li>\n<li>Ludwig Forrest: philanthropischer Berater der K\u00f6nig-Baudouin-Stiftung<br \/>\n<a href=\"mailto:forrest.l@kbs-frb.be\">forrest.l@kbs-frb.be<\/a><\/li>\n<\/ul>\n<p>[\/vc_column_text][\/vc_column_inner][vc_column_inner width=&#8220;1\/4&#8243;][\/vc_column_inner][\/vc_row_inner][\/vc_column][\/vc_row][vc_row equal_height=&#8220;yes&#8220; css=&#8220;.vc_custom_1499850353617{padding-top: 40px !important;padding-right: 40px !important;padding-bottom: 40px !important;padding-left: 40px !important;}&#8220;][vc_column offset=&#8220;vc_col-lg-12 vc_col-md-12 vc_col-xs-12&#8243;][vc_custom_heading text=&#8220;DIE GR\u00dcNDER&#8220; font_container=&#8220;tag:h2|text_align:center|color:%23000000&#8243; use_theme_fonts=&#8220;yes&#8220;][vc_custom_heading text=&#8220;2 NAT\u00dcRLICHE PERSONEN&#8220; font_container=&#8220;tag:h2|font_size:20px|text_align:center|color:%230041a3&#8243; use_theme_fonts=&#8220;yes&#8220;][vc_row_inner equal_height=&#8220;yes&#8220;][vc_column_inner el_class=&#8220;border-blue&#8220; width=&#8220;1\/6&#8243; css=&#8220;.vc_custom_1500562977059{margin-right: 5px !important;}&#8220;][\/vc_column_inner][vc_column_inner el_class=&#8220;border-blue&#8220; width=&#8220;1\/3&#8243; css=&#8220;.vc_custom_1499863849362{margin-left: 5px !important;}&#8220;]<div class=\"team-wrap\">\n\t\t\t\t<div class=\"team-member text-center\">\n\t\t\t\t\t<div class=\"team-img\">\n\t\t\t\t\t\t<img src=\"https:\/\/www.alcuinfonds.be\/wp-content\/uploads\/2017\/06\/IWteam_2015-1024x1024.jpeg\" alt=\"\">\n\t\t\t\t\t\t<div class=\"overlay\">\n\t\t\t\t\t\t\t<div class=\"team-details text-center\">\n\t\t\t\t\t\t\t\t<p>Mit einem Abschluss in Wirtschafts- und Sozialwissenschaften (FUNDP Namur) und einem Universit\u00e4tsdiplom in internationalen Beziehungen (Universit\u00e4t Wien), arbeitet Jean-Charles de le Court seit 22 Jahren als Gr\u00fcnder und Manager von Anlagefonds in Br\u00fcssel und Luxemburg.<\/p>\n\t\t\t\t\t\t\t\t<div class=\"socials mt-20\">\n\t\t\t\t\t\t\t\t<\/div>\n\t\t\t\t\t\t\t<\/div>\n\t\t\t\t\t\t<\/div>\n\t\t\t\t\t<\/div>\n\t\t\t\t\t<h6 class=\"team-title\">Jean-Charles de Le Court<\/h6>\n\t\t\t\t\t<span>Vorsitzender der Fonds Alcuin f\u00fcr die Schule<\/span>\n\t\t\t\t<\/div>\n\t\t\t<\/div>[vc_column_text]<\/p>\n<p style=\"text-align: center;\"><a href=\"mailto:jc.delecourt@alcuinfonds.be\">jc.delecourt@alcuinfonds.be<\/a><\/p>\n<p>[\/vc_column_text][\/vc_column_inner][vc_column_inner el_class=&#8220;border-blue&#8220; width=&#8220;1\/3&#8243;]<div class=\"team-wrap\">\n\t\t\t\t<div class=\"team-member text-center\">\n\t\t\t\t\t<div class=\"team-img\">\n\t\t\t\t\t\t<img src=\"https:\/\/www.alcuinfonds.be\/wp-content\/uploads\/2017\/06\/thumbnail.png\" alt=\"\">\n\t\t\t\t\t\t<div class=\"overlay\">\n\t\t\t\t\t\t\t<div class=\"team-details text-center\">\n\t\t\t\t\t\t\t\t<p>Als eine begeisterte Storytellerin, Absolventin in Deklamation am Br\u00fcsseler Konservatorium und Kunstgeschichtsabsolventin mit gro\u00dfer Liebe f\u00fcr Theater und Literatur, hat Val\u00e9rie d\u2019Ursel gro\u00dfe Freude an literarischen Geschichten und Adaptationen, sowie eine Leidenschaft f\u00fcr geschichtliches Erbe. Sie schreibt selbst St\u00fccke und ist Schriftstellerin.<\/p>\n\t\t\t\t\t\t\t\t<div class=\"socials mt-20\">\n\t\t\t\t\t\t\t\t<\/div>\n\t\t\t\t\t\t\t<\/div>\n\t\t\t\t\t\t<\/div>\n\t\t\t\t\t<\/div>\n\t\t\t\t\t<h6 class=\"team-title\">Val\u00e9rie d\u2019Ursel(de La Rochefoucauld)<\/h6>\n\t\t\t\t\t<span>Mitgr\u00fcnderin<\/span>\n\t\t\t\t<\/div>\n\t\t\t<\/div>[vc_column_text]<\/p>\n<p style=\"text-align: center;\"><a href=\"mailto:valerie.dursel@alcuinfonds.be\">valerie.dursel@alcuinfonds.be<\/a><\/p>\n<p>[\/vc_column_text][\/vc_column_inner][vc_column_inner width=&#8220;1\/6&#8243;][\/vc_column_inner][\/vc_row_inner][\/vc_column][\/vc_row][vc_row css=&#8220;.vc_custom_1499850488285{padding-bottom: 60px !important;}&#8220;][vc_column][vc_custom_heading text=&#8220;JURISTISCHE PERSON: DIE FONDATION F\u00dcR DIE SCHULE&#8220; font_container=&#8220;tag:h2|font_size:20px|text_align:center|color:%230041a3&#8243; use_theme_fonts=&#8220;yes&#8220;][vc_column_text css=&#8220;.vc_custom_1518099256166{margin-bottom: 15px !important;}&#8220;]Als Unterst\u00fctzer von Bildungsinitiativen ist die Fondation pour l\u2019Ecole bestrebt die Freiheit von Unterrichtsmethoden und die Vielfalt von Bildungsangeboten zu f\u00f6rdern.<\/p>\n<p>Die Stiftung ist f\u00fcr ihren Beitrag zum Gemeinwohl in Frankreich bekannt und ihr unterliegen 11 Stiftungen. Sie unterh\u00e4lt weitere im Bereich Erziehung.<\/p>\n<p>In den Jahren 2015 und 2016 bewilligte sie 2,7 Millionen Euro f\u00fcr bildungsf\u00f6rdernde Projekte (4,7 Millionen Euro inklusive der Unterst\u00fctzungsleistungen durch die Tochterstiftungen).<br \/>\n[\/vc_column_text][vc_row_inner equal_height=&#8220;yes&#8220;][vc_column_inner width=&#8220;1\/3&#8243;][\/vc_column_inner][vc_column_inner el_class=&#8220;border-blue&#8220; width=&#8220;1\/3&#8243; offset=&#8220;vc_col-xs-12&#8243;]<div class=\"team-wrap\">\n\t\t\t\t<div class=\"team-member text-center\">\n\t\t\t\t\t<div class=\"team-img\">\n\t\t\t\t\t\t<img src=\"https:\/\/www.alcuinfonds.be\/wp-content\/uploads\/2017\/06\/Photo-LD-Couleurs-1024x1024.jpg\" alt=\"\">\n\t\t\t\t\t\t<div class=\"overlay\">\n\t\t\t\t\t\t\t<div class=\"team-details text-center\">\n\t\t\t\t\t\t\t\t<p>Als Partner bei den Delsol Anw\u00e4lte und Co-Leiter des Pariser Teams von Non-Profit Organisationen, h\u00e4lt Lionel Devic ein DEA (Universit\u00e4tsabschluss) in Wirtschaftsrecht von der Universit\u00e9 Jean Moulin Lyon III. Insbesondere ist er zusammen mit der Fondation pour l\u00b4\u00e9cole Mitgr\u00fcnder einer Grund- und einer weiterf\u00fchrenden Schule. Er leitet die Publizierung der Webseite www.fonds-dotation.fr.<\/p>\n\t\t\t\t\t\t\t\t<div class=\"socials mt-20\">\n\t\t\t\t\t\t\t\t<\/div>\n\t\t\t\t\t\t\t<\/div>\n\t\t\t\t\t\t<\/div>\n\t\t\t\t\t<\/div>\n\t\t\t\t\t<h6 class=\"team-title\">Lionel Devic<\/h6>\n\t\t\t\t\t<span>Vorsitzender der Fondation pour l\u2019\u00e9cole<\/span>\n\t\t\t\t<\/div>\n\t\t\t<\/div>[vc_column_text]<\/p>\n<p style=\"text-align: center;\"><a href=\"mailto:lionel.devic@alcuinfonds.be\">lionel.devic@alcuinfonds.be<\/a><\/p>\n<p>[\/vc_column_text][\/vc_column_inner][vc_column_inner width=&#8220;1\/3&#8243;][\/vc_column_inner][\/vc_row_inner][\/vc_column][\/vc_row][vc_row equal_height=&#8220;yes&#8220; css=&#8220;.vc_custom_1499850353617{padding-top: 40px !important;padding-right: 40px !important;padding-bottom: 40px !important;padding-left: 40px !important;}&#8220;][vc_column offset=&#8220;vc_col-lg-12 vc_col-md-12 vc_col-xs-12&#8243; css=&#8220;.vc_custom_1500563222441{margin-bottom: 40px !important;}&#8220;][vc_custom_heading text=&#8220;QUALIFIZIERTE PERSON&#8220; font_container=&#8220;tag:h2|text_align:center|color:%23000000&#8243; use_theme_fonts=&#8220;yes&#8220; css=&#8220;.vc_custom_1518099324777{margin-bottom: 40px !important;}&#8220;][vc_row_inner equal_height=&#8220;yes&#8220;][vc_column_inner width=&#8220;1\/3&#8243;][\/vc_column_inner][vc_column_inner width=&#8220;1\/3&#8243;]<div class=\"team-wrap\">\n\t\t\t\t<div class=\"team-member text-center\">\n\t\t\t\t\t<div class=\"team-img\">\n\t\t\t\t\t\t<img src=\"https:\/\/www.alcuinfonds.be\/wp-content\/uploads\/2017\/06\/fondateur.jpg\" alt=\"\">\n\t\t\t\t\t\t<div class=\"overlay\">\n\t\t\t\t\t\t\t<div class=\"team-details text-center\">\n\t\t\t\t\t\t\t\t<p>F\u00e9lix de Merode wurde in Philosophie, Theologie und klassische Humanwissenschaft ausgebildet und hat einen Master in Management. Als Assistent der Gesch\u00e4ftsf\u00fchrung, Internatslehrer und Manager eines Jugendtrainingscenters (ABSL Aurora) und Direktor der \u00d6ffentlichkeitsarbeit der M\u00e9c\u00e9nat Merode (2011) leitet F\u00e9lix nun seit 2012 das Lyc\u00e9e Moli\u00e8re sowie die Bruxelles-Argenteuil European Schule seit 2016.<\/p>\n\t\t\t\t\t\t\t\t<div class=\"socials mt-20\">\n\t\t\t\t\t\t\t\t<\/div>\n\t\t\t\t\t\t\t<\/div>\n\t\t\t\t\t\t<\/div>\n\t\t\t\t\t<\/div>\n\t\t\t\t\t<h6 class=\"team-title\">F\u00e9lix de Merode<\/h6>\n\t\t\t\t\t<span>Mitgr\u00fcnder, Qualifizierte Person<\/span>\n\t\t\t\t<\/div>\n\t\t\t<\/div>[vc_column_text]<\/p>\n<p style=\"text-align: center;\"><a href=\"mailto:felix.demerode@alcuinfonds.be\">felix.demerode@alcuinfonds.be<\/a><\/p>\n<p>[\/vc_column_text][\/vc_column_inner][vc_column_inner width=&#8220;1\/3&#8243;][\/vc_column_inner][\/vc_row_inner][\/vc_column][\/vc_row][vc_row full_width=&#8220;stretch_row&#8220; css=&#8220;.vc_custom_1497453543805{padding-top: 50px !important;padding-bottom: 100px !important;}&#8220;][vc_column][vc_custom_heading text=&#8220;2- ARBEITSWEISE&#8220; font_container=&#8220;tag:h2|font_size:32px|text_align:center|color:%230041a3&#8243; use_theme_fonts=&#8220;yes&#8220; css=&#8220;.vc_custom_1518099363716{margin-right: 50px !important;margin-left: 50px !important;border-bottom-width: 7px !important;border-bottom-style: solid !important;}&#8220; el_class=&#8220;border-h2&#8243;][vc_column_text css=&#8220;.vc_custom_1518099672028{padding-left: 15px !important;}&#8220;]<b>Ressourcen<\/b><\/p>\n<p><span style=\"font-weight: 400;\">Der Fonds Alcuin unterh\u00e4lt sich fast ausschliesslich von Spenden von Privatpersonen und \u00f6ffentlichen Einrichtungen, welche meist in Europa angesiedelt sind. <\/span><\/p>\n<p><b>Operative Ausgaben<\/b><\/p>\n<p><span style=\"font-weight: 400;\">Der Fonds Alcuin hat kein Personal oder R\u00e4umlichkeiten zu unterhalten. Er verl\u00e4sst sich auf den Einsatz der eingesetzten Personen.<\/span><\/p>\n<p><b>Ausgaben f\u00fcr Interventionen<\/b><\/p>\n<p><span style=\"font-weight: 400;\">Der Fonds Alcuin f\u00fcr die Schule ver\u00f6ffentlicht Projektaufrufe um bildungsf\u00f6rdernde Hilfsorganisationen, welche finanzielle Unterst\u00fctzung brauchen, einzuladen ihre Spendenanfragen einzureichen. <\/span><\/p>\n<p><span style=\"font-weight: 400;\">Zweimal im Jahr organisiert der Fonds Alcuin ein Treffen des Spendenkomitees, welches \u00fcber die Verteilung und die H\u00f6he der Hilfsgelder f\u00fcr die n\u00e4chsten sechs Monate entscheidet. Das erste Treffen des Spendenkomitees wird im Oktober und November 2017 stattfinden und wird die Zuweisung der ersten Spendengelder der Fonds Alcuin an verschiedene bildungsf\u00f6rdernde Projekte in Belgien und anderen L\u00e4ndern der EU veranlassen. <\/span><\/p>\n<p><span style=\"font-weight: 400;\">Der Fonds Alcuin respektiert den Verhaltenskodex der K\u00f6nig-Baudouin-Stiftung, welche ihr Tr\u00e4ger ist, in \u00dcbereinstimmung mit der <a href=\"http:\/\/www.vef-aerf.be\/\">Association pour une Ethique dans les R\u00e9coltes de Fonds<\/a>.<\/span>[\/vc_column_text][\/vc_column][\/vc_row][vc_row full_width=&#8220;stretch_row&#8220; css=&#8220;.vc_custom_1497453637117{padding-top: 50px !important;padding-bottom: 150px !important;background-color: #fcf7ff !important;}&#8220;][vc_column][vc_custom_heading text=&#8220;3 &#8211; RECHNUNGSLEGUNG&#8220; font_container=&#8220;tag:h2|font_size:32px|text_align:center|color:%230041a3&#8243; use_theme_fonts=&#8220;yes&#8220; css=&#8220;.vc_custom_1518099692895{margin-right: 50px !important;margin-left: 50px !important;border-bottom-width: 7px !important;border-bottom-style: solid !important;}&#8220; el_class=&#8220;border-h2&#8243;][vc_column_text css=&#8220;.vc_custom_1518099817121{padding-left: 15px !important;}&#8220;]<\/p>\n<p><span style=\"font-weight: 400;\"><strong>Die Rechnungslegung<\/strong> des Fonds Alcuin wird von der K\u00f6nig-Baudouin-Stiftung in \u00dcbereinstimmung mit der derzeitigen Gesetzeslage vorbereitet. Das Wirtschaftsjahr geht bis zum 31. Dezember jeden Jahres und die Bilanz wird zum darauffolgenden M\u00e4rz ver\u00f6ffentlicht.<\/span><\/p>\n<p><b>Jahresabschluss :<\/b> Das Finanzjahr 2017 ist das erste Betriebsjahr des Fonds Alcuin. Sein Bericht wird im April 2018 verf\u00fcgbar sein.<\/p>\n<p>[\/vc_column_text][\/vc_column][\/vc_row][vc_row full_width=&#8220;stretch_row&#8220; css=&#8220;.vc_custom_1592815307479{padding-top: 50px !important;padding-bottom: 150px !important;}&#8220;][vc_column][vc_custom_heading text=&#8220;4 &#8211; WER WAR ALCUIN?&#8220; font_container=&#8220;tag:h2|font_size:32px|text_align:center|color:%230041a3&#8243; use_theme_fonts=&#8220;yes&#8220; css=&#8220;.vc_custom_1592815321426{margin-right: 50px !important;margin-left: 50px !important;border-bottom-width: 7px !important;border-bottom-style: solid !important;}&#8220; el_class=&#8220;border-h2&#8243;][vc_column_text css=&#8220;.vc_custom_1592815343740{padding-left: 15px !important;}&#8220;]Der Storiavoce Geschichtskurs l\u00e4dt Sie dazu ein Alcuin, diesen heutzutage wenig bekannten jedoch f\u00fcr unsere Geschichte bedeutenden Mann, der hinter den Entscheidungen des K\u00f6nigs stand Schulen zu gr\u00fcnden, besser kennen zu lernen. Als Biograph von Charlemagne (verlegt durch Bernhard Giovanangeli), und interviewt von Christophe Dick\u00e8s (Juni 2017) pr\u00e4sentiert uns der Medi\u00e4vist Olivier Hanne Flaccus Albinus, die gro\u00dfe intellektuelle und kulturelle Reform der Rolle der Kleriker, des Curriculums zu seiner Zeit und der Grenzen dieser Renaissance, die er anstie\u00df.[\/vc_column_text][vc_empty_space][vc_column_text]<iframe src=\"https:\/\/w.soundcloud.com\/player\/?url=https%3A\/\/api.soundcloud.com\/tracks\/329771018&amp;color=ff5500\" frameborder=\"no\" scrolling=\"no\"><\/iframe><\/p>\n<p>&nbsp;<\/p>\n<p><center><iframe loading=\"lazy\" src=\"https:\/\/www.youtube.com\/embed\/A3P2E6ljEUU?ecver=2\" width=\"640\" height=\"360\" frameborder=\"0\" allowfullscreen=\"allowfullscreen\"><\/iframe><\/center>[\/vc_column_text][\/vc_column][\/vc_row]<\/p>","protected":false},"excerpt":{"rendered":"<p>[vc_row full_width=&#8220;stretch_row&#8220; content_placement=&#8220;middle&#8220; parallax=&#8220;content-moving&#8220; parallax_image=&#8220;1005&#8243; el_id=&#8220;le-fonds-alcuin&#8220; css=&#8220;.vc_custom_1501518751051{padding-top: 120px !important;padding-bottom: 120px !important;background-color: #000000 !important;}&#8220;][vc_column][vc_custom_heading text=&#8220;DER FONDS ALCUIN&#8220; font_container=&#8220;tag:h2|font_size:40|text_align:center|color:%23ffffff&#8220; use_theme_fonts=&#8220;yes&#8220;][vc_custom_heading text=&#8220;DER FONDS ALCUIN UNTERST\u00dcTZT BILDUNGSF\u00d6RDERNDE INITIATIVEN&#8220; font_container=&#8220;tag:h3|font_size:27|text_align:center|color:%23ffffff&#8220; use_theme_fonts=&#8220;yes&#8220;][\/vc_column][\/vc_row][vc_row full_width=&#8220;stretch_row&#8220; css=&#8220;.vc_custom_1498128350115{padding-top: 60px !important;padding-bottom: 100px !important;background-color: #ffffff !important;}&#8220;][vc_column][vc_column_text css=&#8220;.vc_custom_1518098425545{margin-bottom: 50px !important;}&#8220;] DER FONDS ALCUIN F\u00dcR DIE SCHULE WIRD VON DER K\u00d6NIG-BAUDOUIN-STIFTUNG GETRAGEN [\/vc_column_text][vc_column_text] Der Fonds Alcuin f\u00fcr die Schule &hellip; <a href=\"https:\/\/www.alcuinfonds.be\/de\/le_fonds_alcuin\/\" class=\"more-link\">Continue reading <span class=\"screen-reader-text\">Der Fonds<\/span><\/a><\/p>\n","protected":false},"author":1,"featured_media":0,"parent":0,"menu_order":0,"comment_status":"closed","ping_status":"closed","template":"","meta":[],"aioseo_notices":[],"_links":{"self":[{"href":"https:\/\/www.alcuinfonds.be\/de\/wp-json\/wp\/v2\/pages\/520"}],"collection":[{"href":"https:\/\/www.alcuinfonds.be\/de\/wp-json\/wp\/v2\/pages"}],"about":[{"href":"https:\/\/www.alcuinfonds.be\/de\/wp-json\/wp\/v2\/types\/page"}],"author":[{"embeddable":true,"href":"https:\/\/www.alcuinfonds.be\/de\/wp-json\/wp\/v2\/users\/1"}],"replies":[{"embeddable":true,"href":"https:\/\/www.alcuinfonds.be\/de\/wp-json\/wp\/v2\/comments?post=520"}],"version-history":[{"count":198,"href":"https:\/\/www.alcuinfonds.be\/de\/wp-json\/wp\/v2\/pages\/520\/revisions"}],"predecessor-version":[{"id":1509,"href":"https:\/\/www.alcuinfonds.be\/de\/wp-json\/wp\/v2\/pages\/520\/revisions\/1509"}],"wp:attachment":[{"href":"https:\/\/www.alcuinfonds.be\/de\/wp-json\/wp\/v2\/media?parent=520"}],"curies":[{"name":"wp","href":"https:\/\/api.w.org\/{rel}","templated":true}]}}